{"id":744,"date":"2024-08-09T09:21:53","date_gmt":"2024-08-09T09:21:53","guid":{"rendered":"https:\/\/fozzino.coffee\/?page_id=744"},"modified":"2024-08-10T21:23:08","modified_gmt":"2024-08-10T21:23:08","slug":"account","status":"publish","type":"page","link":"https:\/\/fozzino.coffee\/en\/account\/","title":{"rendered":"Account"},"content":{"rendered":"<div data-elementor-type=\"wp-page\" data-elementor-id=\"744\" class=\"elementor elementor-744\" data-elementor-post-type=\"page\">\n\t\t\t\t<div class=\"elementor-element elementor-element-0d7f9bf e-flex e-con-boxed e-con e-parent\" data-id=\"0d7f9bf\" data-element_type=\"container\" data-e-type=\"container\">\n\t\t\t\t\t<div class=\"e-con-inner\">\n\t\t\t\t<div class=\"elementor-element elementor-element-7194f5f e-my-account-tabs-vertical elementor-widget elementor-widget-woocommerce-my-account\" data-id=\"7194f5f\" data-element_type=\"widget\" data-e-type=\"widget\" data-settings=\"{&quot;customize_dashboard_check&quot;:&quot;yes&quot;}\" data-widget_type=\"woocommerce-my-account.default\">\n\t\t\t\t<div class=\"elementor-widget-container\">\n\t\t\t\t\t<div class=\"e-my-account-tab e-my-account-tab__\">\t\t\t<div class=\"woocommerce\"><\/div>\t\t<\/div>\n\t\t\t\t\t\t<\/div>\n\t\t\t\t<\/div>\n\t\t\t\t\t<\/div>\n\t\t\t\t<\/div>\n\t\t\t\t<\/div>","protected":false},"excerpt":{"rendered":"<p>Vez\u00e9rl\u0151pult Rendel\u00e9sek Let\u00f6lt\u00e9sek C\u00edmek Payment methods Fi\u00f3kom Kijelentkez\u00e9s Hello M\u00e1rk (not M\u00e1rk? Log out) From your account dashboard you can view your recent orders, manage your shipping and billing addresses, and edit your password and account details.<\/p>","protected":false},"author":1,"featured_media":0,"parent":0,"menu_order":0,"comment_status":"closed","ping_status":"closed","template":"","meta":{"_acf_changed":false,"footnotes":""},"class_list":["post-744","page","type-page","status-publish","hentry"],"acf":[],"yoast_head":"<!-- This site is optimized with the Yoast SEO plugin v25.9 - https:\/\/yoast.com\/wordpress\/plugins\/seo\/ -->\n<title>Account - Fozzino<\/title>\n<meta name=\"robots\" content=\"index, follow, max-snippet:-1, max-image-preview:large, max-video-preview:-1\" \/>\n<link rel=\"canonical\" href=\"https:\/\/fozzino.coffee\/en\/account\/\" \/>\n<meta property=\"og:locale\" content=\"en_US\" \/>\n<meta property=\"og:type\" content=\"article\" \/>\n<meta property=\"og:title\" content=\"Account - Fozzino\" \/>\n<meta property=\"og:description\" content=\"Vez\u00e9rl\u0151pult Rendel\u00e9sek Let\u00f6lt\u00e9sek C\u00edmek Payment methods Fi\u00f3kom Kijelentkez\u00e9s Hello M\u00e1rk (not M\u00e1rk? Log out) From your account dashboard you can view your recent orders, manage your shipping and billing addresses, and edit your password and account details.\" \/>\n<meta property=\"og:url\" content=\"https:\/\/fozzino.coffee\/en\/account\/\" \/>\n<meta property=\"og:site_name\" content=\"Fozzino\" \/>\n<meta property=\"article:publisher\" content=\"https:\/\/www.facebook.com\/fozzino.coffee\" \/>\n<meta property=\"article:modified_time\" content=\"2024-08-10T21:23:08+00:00\" \/>\n<meta name=\"twitter:card\" content=\"summary_large_image\" \/>\n<script type=\"application\/ld+json\" class=\"yoast-schema-graph\">{\"@context\":\"https:\/\/schema.org\",\"@graph\":[{\"@type\":\"WebPage\",\"@id\":\"https:\/\/fozzino.coffee\/account\/\",\"url\":\"https:\/\/fozzino.coffee\/account\/\",\"name\":\"Account - Fozzino\",\"isPartOf\":{\"@id\":\"https:\/\/fozzino.coffee\/#website\"},\"datePublished\":\"2024-08-09T09:21:53+00:00\",\"dateModified\":\"2024-08-10T21:23:08+00:00\",\"breadcrumb\":{\"@id\":\"https:\/\/fozzino.coffee\/account\/#breadcrumb\"},\"inLanguage\":\"en-US\",\"potentialAction\":[{\"@type\":\"ReadAction\",\"target\":[\"https:\/\/fozzino.coffee\/account\/\"]}]},{\"@type\":\"BreadcrumbList\",\"@id\":\"https:\/\/fozzino.coffee\/account\/#breadcrumb\",\"itemListElement\":[{\"@type\":\"ListItem\",\"position\":1,\"name\":\"Kezd\u0151lap\",\"item\":\"https:\/\/fozzino.coffee\/\"},{\"@type\":\"ListItem\",\"position\":2,\"name\":\"Account\"}]},{\"@type\":\"WebSite\",\"@id\":\"https:\/\/fozzino.coffee\/#website\",\"url\":\"https:\/\/fozzino.coffee\/\",\"name\":\"Fozzino\",\"description\":\"Pr\u00e9mium Specialty k\u00e1v\u00e9 web\u00e1ruh\u00e1z\",\"publisher\":{\"@id\":\"https:\/\/fozzino.coffee\/#organization\"},\"potentialAction\":[{\"@type\":\"SearchAction\",\"target\":{\"@type\":\"EntryPoint\",\"urlTemplate\":\"https:\/\/fozzino.coffee\/?s={search_term_string}\"},\"query-input\":{\"@type\":\"PropertyValueSpecification\",\"valueRequired\":true,\"valueName\":\"search_term_string\"}}],\"inLanguage\":\"en-US\"},{\"@type\":\"Organization\",\"@id\":\"https:\/\/fozzino.coffee\/#organization\",\"name\":\"Fozzino\",\"url\":\"https:\/\/fozzino.coffee\/\",\"logo\":{\"@type\":\"ImageObject\",\"inLanguage\":\"en-US\",\"@id\":\"https:\/\/fozzino.coffee\/#\/schema\/logo\/image\/\",\"url\":\"https:\/\/fozzino.coffee\/wp-content\/uploads\/2024\/05\/cropped-base_logo_transparent_background-scaled-1.png\",\"contentUrl\":\"https:\/\/fozzino.coffee\/wp-content\/uploads\/2024\/05\/cropped-base_logo_transparent_background-scaled-1.png\",\"width\":1830,\"height\":1470,\"caption\":\"Fozzino\"},\"image\":{\"@id\":\"https:\/\/fozzino.coffee\/#\/schema\/logo\/image\/\"},\"sameAs\":[\"https:\/\/www.facebook.com\/fozzino.coffee\"]}]}<\/script>\n<!-- \/ Yoast SEO plugin. -->","yoast_head_json":{"title":"Account - Fozzino","robots":{"index":"index","follow":"follow","max-snippet":"max-snippet:-1","max-image-preview":"max-image-preview:large","max-video-preview":"max-video-preview:-1"},"canonical":"https:\/\/fozzino.coffee\/en\/account\/","og_locale":"en_US","og_type":"article","og_title":"Account - Fozzino","og_description":"Vez\u00e9rl\u0151pult Rendel\u00e9sek Let\u00f6lt\u00e9sek C\u00edmek Payment methods Fi\u00f3kom Kijelentkez\u00e9s Hello M\u00e1rk (not M\u00e1rk? Log out) From your account dashboard you can view your recent orders, manage your shipping and billing addresses, and edit your password and account details.","og_url":"https:\/\/fozzino.coffee\/en\/account\/","og_site_name":"Fozzino","article_publisher":"https:\/\/www.facebook.com\/fozzino.coffee","article_modified_time":"2024-08-10T21:23:08+00:00","twitter_card":"summary_large_image","schema":{"@context":"https:\/\/schema.org","@graph":[{"@type":"WebPage","@id":"https:\/\/fozzino.coffee\/account\/","url":"https:\/\/fozzino.coffee\/account\/","name":"Account - Fozzino","isPartOf":{"@id":"https:\/\/fozzino.coffee\/#website"},"datePublished":"2024-08-09T09:21:53+00:00","dateModified":"2024-08-10T21:23:08+00:00","breadcrumb":{"@id":"https:\/\/fozzino.coffee\/account\/#breadcrumb"},"inLanguage":"en-US","potentialAction":[{"@type":"ReadAction","target":["https:\/\/fozzino.coffee\/account\/"]}]},{"@type":"BreadcrumbList","@id":"https:\/\/fozzino.coffee\/account\/#breadcrumb","itemListElement":[{"@type":"ListItem","position":1,"name":"Kezd\u0151lap","item":"https:\/\/fozzino.coffee\/"},{"@type":"ListItem","position":2,"name":"Account"}]},{"@type":"WebSite","@id":"https:\/\/fozzino.coffee\/#website","url":"https:\/\/fozzino.coffee\/","name":"Fozzino","description":"Premium Specialty Coffee online store","publisher":{"@id":"https:\/\/fozzino.coffee\/#organization"},"potentialAction":[{"@type":"SearchAction","target":{"@type":"EntryPoint","urlTemplate":"https:\/\/fozzino.coffee\/?s={search_term_string}"},"query-input":{"@type":"PropertyValueSpecification","valueRequired":true,"valueName":"search_term_string"}}],"inLanguage":"en-US"},{"@type":"Organization","@id":"https:\/\/fozzino.coffee\/#organization","name":"Fozzino","url":"https:\/\/fozzino.coffee\/","logo":{"@type":"ImageObject","inLanguage":"en-US","@id":"https:\/\/fozzino.coffee\/#\/schema\/logo\/image\/","url":"https:\/\/fozzino.coffee\/wp-content\/uploads\/2024\/05\/cropped-base_logo_transparent_background-scaled-1.png","contentUrl":"https:\/\/fozzino.coffee\/wp-content\/uploads\/2024\/05\/cropped-base_logo_transparent_background-scaled-1.png","width":1830,"height":1470,"caption":"Fozzino"},"image":{"@id":"https:\/\/fozzino.coffee\/#\/schema\/logo\/image\/"},"sameAs":["https:\/\/www.facebook.com\/fozzino.coffee"]}]}},"jetpack_sharing_enabled":true,"_links":{"self":[{"href":"https:\/\/fozzino.coffee\/en\/wp-json\/wp\/v2\/pages\/744","targetHints":{"allow":["GET"]}}],"collection":[{"href":"https:\/\/fozzino.coffee\/en\/wp-json\/wp\/v2\/pages"}],"about":[{"href":"https:\/\/fozzino.coffee\/en\/wp-json\/wp\/v2\/types\/page"}],"author":[{"embeddable":true,"href":"https:\/\/fozzino.coffee\/en\/wp-json\/wp\/v2\/users\/1"}],"replies":[{"embeddable":true,"href":"https:\/\/fozzino.coffee\/en\/wp-json\/wp\/v2\/comments?post=744"}],"version-history":[{"count":11,"href":"https:\/\/fozzino.coffee\/en\/wp-json\/wp\/v2\/pages\/744\/revisions"}],"predecessor-version":[{"id":1386,"href":"https:\/\/fozzino.coffee\/en\/wp-json\/wp\/v2\/pages\/744\/revisions\/1386"}],"wp:attachment":[{"href":"https:\/\/fozzino.coffee\/en\/wp-json\/wp\/v2\/media?parent=744"}],"curies":[{"name":"wp","href":"https:\/\/api.w.org\/{rel}","templated":true}]}}