{"id":610,"date":"2024-06-15T21:20:49","date_gmt":"2024-06-15T21:20:49","guid":{"rendered":"https:\/\/fozzino.coffee\/?page_id=610"},"modified":"2025-05-30T11:18:21","modified_gmt":"2025-05-30T11:18:21","slug":"kosar-old","status":"publish","type":"page","link":"https:\/\/fozzino.coffee\/en\/kosar-old\/","title":{"rendered":"Kos\u00e1r-old"},"content":{"rendered":"<div data-elementor-type=\"wp-page\" data-elementor-id=\"610\" class=\"elementor elementor-610\" data-elementor-post-type=\"page\">\n\t\t\t\t<div class=\"elementor-element elementor-element-0386082 e-flex e-con-boxed e-con e-parent\" data-id=\"0386082\" data-element_type=\"container\" data-e-type=\"container\">\n\t\t\t\t\t<div class=\"e-con-inner\">\n\t\t\t\t<div class=\"elementor-element elementor-element-99a6342 elementor-widget elementor-widget-spacer\" data-id=\"99a6342\" data-element_type=\"widget\" data-e-type=\"widget\" data-widget_type=\"spacer.default\">\n\t\t\t\t<div class=\"elementor-widget-container\">\n\t\t\t\t\t\t\t<div class=\"elementor-spacer\">\n\t\t\t<div class=\"elementor-spacer-inner\"><\/div>\n\t\t<\/div>\n\t\t\t\t\t\t<\/div>\n\t\t\t\t<\/div>\n\t\t\t\t\t<\/div>\n\t\t\t\t<\/div>\n\t\t<div class=\"elementor-element elementor-element-0937a91 e-flex e-con-boxed e-con e-parent\" data-id=\"0937a91\" data-element_type=\"container\" data-e-type=\"container\">\n\t\t\t\t\t<div class=\"e-con-inner\">\n\t\t\t\t\t<\/div>\n\t\t\t\t<\/div>\n\t\t\t\t<\/div>","protected":false},"excerpt":{"rendered":"<p>Term\u00e9k \u00c1r Mennyis\u00e9g R\u00e9sz\u00f6sszegek Magic of Colombia &#8211; 200g, szemes 3 490&nbsp;&#70;&#116; Magic of Colombia &#8211; 200g, szemes mennyis\u00e9g 3 490&nbsp;&#70;&#116; Tov\u00e1bb v\u00e1s\u00e1rolok Subtotal 3 490&nbsp;&#70;&#116; Total 4 980&nbsp;&#70;&#116; (Ad\u00f3tartalom: 742&nbsp;&#070;&#116; \u00c1FA) Tov\u00e1bb a fizet\u00e9shez<\/p>","protected":false},"author":1,"featured_media":0,"parent":0,"menu_order":0,"comment_status":"closed","ping_status":"closed","template":"elementor_header_footer","meta":{"_acf_changed":false,"footnotes":""},"class_list":["post-610","page","type-page","status-publish","hentry"],"acf":[],"yoast_head":"<!-- This site is optimized with the Yoast SEO plugin v25.9 - https:\/\/yoast.com\/wordpress\/plugins\/seo\/ -->\n<title>Kos\u00e1r-old - Fozzino<\/title>\n<meta name=\"robots\" content=\"index, follow, max-snippet:-1, max-image-preview:large, max-video-preview:-1\" \/>\n<link rel=\"canonical\" href=\"https:\/\/fozzino.coffee\/en\/kosar-old\/\" \/>\n<meta property=\"og:locale\" content=\"en_US\" \/>\n<meta property=\"og:type\" content=\"article\" \/>\n<meta property=\"og:title\" content=\"Kos\u00e1r-old - Fozzino\" \/>\n<meta property=\"og:description\" content=\"Term\u00e9k \u00c1r Mennyis\u00e9g R\u00e9sz\u00f6sszegek Magic of Colombia &#8211; 200g, szemes 3 490&nbsp;&#070;&#116; Magic of Colombia &#8211; 200g, szemes mennyis\u00e9g 3 490&nbsp;&#070;&#116; Tov\u00e1bb v\u00e1s\u00e1rolok Subtotal 3 490&nbsp;&#070;&#116; Total 4 980&nbsp;&#070;&#116; (Ad\u00f3tartalom: 742&nbsp;&#070;&#116; \u00c1FA) Tov\u00e1bb a fizet\u00e9shez\" \/>\n<meta property=\"og:url\" content=\"https:\/\/fozzino.coffee\/en\/kosar-old\/\" \/>\n<meta property=\"og:site_name\" content=\"Fozzino\" \/>\n<meta property=\"article:publisher\" content=\"https:\/\/www.facebook.com\/fozzino.coffee\" \/>\n<meta property=\"article:modified_time\" content=\"2025-05-30T11:18:21+00:00\" \/>\n<meta property=\"og:image\" content=\"https:\/\/fozzino.coffee\/wp-content\/uploads\/2024\/09\/magic-feher-scaled-e1727903157229-300x300.jpg\" \/>\n<meta name=\"twitter:card\" content=\"summary_large_image\" \/>\n<script type=\"application\/ld+json\" class=\"yoast-schema-graph\">{\"@context\":\"https:\/\/schema.org\",\"@graph\":[{\"@type\":\"WebPage\",\"@id\":\"https:\/\/fozzino.coffee\/kosar-old\/\",\"url\":\"https:\/\/fozzino.coffee\/kosar-old\/\",\"name\":\"Kos\u00e1r-old - Fozzino\",\"isPartOf\":{\"@id\":\"https:\/\/fozzino.coffee\/#website\"},\"primaryImageOfPage\":{\"@id\":\"https:\/\/fozzino.coffee\/kosar-old\/#primaryimage\"},\"image\":{\"@id\":\"https:\/\/fozzino.coffee\/kosar-old\/#primaryimage\"},\"thumbnailUrl\":\"https:\/\/fozzino.coffee\/wp-content\/uploads\/2024\/09\/magic-feher-scaled-e1727903157229-300x300.jpg\",\"datePublished\":\"2024-06-15T21:20:49+00:00\",\"dateModified\":\"2025-05-30T11:18:21+00:00\",\"breadcrumb\":{\"@id\":\"https:\/\/fozzino.coffee\/kosar-old\/#breadcrumb\"},\"inLanguage\":\"en-US\",\"potentialAction\":[{\"@type\":\"ReadAction\",\"target\":[\"https:\/\/fozzino.coffee\/kosar-old\/\"]}]},{\"@type\":\"ImageObject\",\"inLanguage\":\"en-US\",\"@id\":\"https:\/\/fozzino.coffee\/kosar-old\/#primaryimage\",\"url\":\"https:\/\/fozzino.coffee\/wp-content\/uploads\/2024\/09\/magic-feher-scaled-e1727903157229-300x300.jpg\",\"contentUrl\":\"https:\/\/fozzino.coffee\/wp-content\/uploads\/2024\/09\/magic-feher-scaled-e1727903157229-300x300.jpg\"},{\"@type\":\"BreadcrumbList\",\"@id\":\"https:\/\/fozzino.coffee\/kosar-old\/#breadcrumb\",\"itemListElement\":[{\"@type\":\"ListItem\",\"position\":1,\"name\":\"Kezd\u0151lap\",\"item\":\"https:\/\/fozzino.coffee\/\"},{\"@type\":\"ListItem\",\"position\":2,\"name\":\"Kos\u00e1r-old\"}]},{\"@type\":\"WebSite\",\"@id\":\"https:\/\/fozzino.coffee\/#website\",\"url\":\"https:\/\/fozzino.coffee\/\",\"name\":\"Fozzino\",\"description\":\"Pr\u00e9mium Specialty k\u00e1v\u00e9 web\u00e1ruh\u00e1z\",\"publisher\":{\"@id\":\"https:\/\/fozzino.coffee\/#organization\"},\"potentialAction\":[{\"@type\":\"SearchAction\",\"target\":{\"@type\":\"EntryPoint\",\"urlTemplate\":\"https:\/\/fozzino.coffee\/?s={search_term_string}\"},\"query-input\":{\"@type\":\"PropertyValueSpecification\",\"valueRequired\":true,\"valueName\":\"search_term_string\"}}],\"inLanguage\":\"en-US\"},{\"@type\":\"Organization\",\"@id\":\"https:\/\/fozzino.coffee\/#organization\",\"name\":\"Fozzino\",\"url\":\"https:\/\/fozzino.coffee\/\",\"logo\":{\"@type\":\"ImageObject\",\"inLanguage\":\"en-US\",\"@id\":\"https:\/\/fozzino.coffee\/#\/schema\/logo\/image\/\",\"url\":\"https:\/\/fozzino.coffee\/wp-content\/uploads\/2024\/05\/cropped-base_logo_transparent_background-scaled-1.png\",\"contentUrl\":\"https:\/\/fozzino.coffee\/wp-content\/uploads\/2024\/05\/cropped-base_logo_transparent_background-scaled-1.png\",\"width\":1830,\"height\":1470,\"caption\":\"Fozzino\"},\"image\":{\"@id\":\"https:\/\/fozzino.coffee\/#\/schema\/logo\/image\/\"},\"sameAs\":[\"https:\/\/www.facebook.com\/fozzino.coffee\"]}]}<\/script>\n<!-- \/ Yoast SEO plugin. -->","yoast_head_json":{"title":"Kos\u00e1r-old - Fozzino","robots":{"index":"index","follow":"follow","max-snippet":"max-snippet:-1","max-image-preview":"max-image-preview:large","max-video-preview":"max-video-preview:-1"},"canonical":"https:\/\/fozzino.coffee\/en\/kosar-old\/","og_locale":"en_US","og_type":"article","og_title":"Kos\u00e1r-old - Fozzino","og_description":"Term\u00e9k \u00c1r Mennyis\u00e9g R\u00e9sz\u00f6sszegek Magic of Colombia &#8211; 200g, szemes 3 490&nbsp;&#70;&#116; Magic of Colombia &#8211; 200g, szemes mennyis\u00e9g 3 490&nbsp;&#70;&#116; Tov\u00e1bb v\u00e1s\u00e1rolok Subtotal 3 490&nbsp;&#70;&#116; Total 4 980&nbsp;&#70;&#116; (Ad\u00f3tartalom: 742&nbsp;&#070;&#116; \u00c1FA) Tov\u00e1bb a fizet\u00e9shez","og_url":"https:\/\/fozzino.coffee\/en\/kosar-old\/","og_site_name":"Fozzino","article_publisher":"https:\/\/www.facebook.com\/fozzino.coffee","article_modified_time":"2025-05-30T11:18:21+00:00","og_image":[{"url":"https:\/\/fozzino.coffee\/wp-content\/uploads\/2024\/09\/magic-feher-scaled-e1727903157229-300x300.jpg","type":"","width":"","height":""}],"twitter_card":"summary_large_image","schema":{"@context":"https:\/\/schema.org","@graph":[{"@type":"WebPage","@id":"https:\/\/fozzino.coffee\/kosar-old\/","url":"https:\/\/fozzino.coffee\/kosar-old\/","name":"Kos\u00e1r-old - Fozzino","isPartOf":{"@id":"https:\/\/fozzino.coffee\/#website"},"primaryImageOfPage":{"@id":"https:\/\/fozzino.coffee\/kosar-old\/#primaryimage"},"image":{"@id":"https:\/\/fozzino.coffee\/kosar-old\/#primaryimage"},"thumbnailUrl":"https:\/\/fozzino.coffee\/wp-content\/uploads\/2024\/09\/magic-feher-scaled-e1727903157229-300x300.jpg","datePublished":"2024-06-15T21:20:49+00:00","dateModified":"2025-05-30T11:18:21+00:00","breadcrumb":{"@id":"https:\/\/fozzino.coffee\/kosar-old\/#breadcrumb"},"inLanguage":"en-US","potentialAction":[{"@type":"ReadAction","target":["https:\/\/fozzino.coffee\/kosar-old\/"]}]},{"@type":"ImageObject","inLanguage":"en-US","@id":"https:\/\/fozzino.coffee\/kosar-old\/#primaryimage","url":"https:\/\/fozzino.coffee\/wp-content\/uploads\/2024\/09\/magic-feher-scaled-e1727903157229-300x300.jpg","contentUrl":"https:\/\/fozzino.coffee\/wp-content\/uploads\/2024\/09\/magic-feher-scaled-e1727903157229-300x300.jpg"},{"@type":"BreadcrumbList","@id":"https:\/\/fozzino.coffee\/kosar-old\/#breadcrumb","itemListElement":[{"@type":"ListItem","position":1,"name":"Kezd\u0151lap","item":"https:\/\/fozzino.coffee\/"},{"@type":"ListItem","position":2,"name":"Kos\u00e1r-old"}]},{"@type":"WebSite","@id":"https:\/\/fozzino.coffee\/#website","url":"https:\/\/fozzino.coffee\/","name":"Fozzino","description":"Premium Specialty Coffee online store","publisher":{"@id":"https:\/\/fozzino.coffee\/#organization"},"potentialAction":[{"@type":"SearchAction","target":{"@type":"EntryPoint","urlTemplate":"https:\/\/fozzino.coffee\/?s={search_term_string}"},"query-input":{"@type":"PropertyValueSpecification","valueRequired":true,"valueName":"search_term_string"}}],"inLanguage":"en-US"},{"@type":"Organization","@id":"https:\/\/fozzino.coffee\/#organization","name":"Fozzino","url":"https:\/\/fozzino.coffee\/","logo":{"@type":"ImageObject","inLanguage":"en-US","@id":"https:\/\/fozzino.coffee\/#\/schema\/logo\/image\/","url":"https:\/\/fozzino.coffee\/wp-content\/uploads\/2024\/05\/cropped-base_logo_transparent_background-scaled-1.png","contentUrl":"https:\/\/fozzino.coffee\/wp-content\/uploads\/2024\/05\/cropped-base_logo_transparent_background-scaled-1.png","width":1830,"height":1470,"caption":"Fozzino"},"image":{"@id":"https:\/\/fozzino.coffee\/#\/schema\/logo\/image\/"},"sameAs":["https:\/\/www.facebook.com\/fozzino.coffee"]}]}},"jetpack_sharing_enabled":true,"_links":{"self":[{"href":"https:\/\/fozzino.coffee\/en\/wp-json\/wp\/v2\/pages\/610","targetHints":{"allow":["GET"]}}],"collection":[{"href":"https:\/\/fozzino.coffee\/en\/wp-json\/wp\/v2\/pages"}],"about":[{"href":"https:\/\/fozzino.coffee\/en\/wp-json\/wp\/v2\/types\/page"}],"author":[{"embeddable":true,"href":"https:\/\/fozzino.coffee\/en\/wp-json\/wp\/v2\/users\/1"}],"replies":[{"embeddable":true,"href":"https:\/\/fozzino.coffee\/en\/wp-json\/wp\/v2\/comments?post=610"}],"version-history":[{"count":25,"href":"https:\/\/fozzino.coffee\/en\/wp-json\/wp\/v2\/pages\/610\/revisions"}],"predecessor-version":[{"id":2640,"href":"https:\/\/fozzino.coffee\/en\/wp-json\/wp\/v2\/pages\/610\/revisions\/2640"}],"wp:attachment":[{"href":"https:\/\/fozzino.coffee\/en\/wp-json\/wp\/v2\/media?parent=610"}],"curies":[{"name":"wp","href":"https:\/\/api.w.org\/{rel}","templated":true}]}}