{"id":584,"date":"2024-06-15T17:46:12","date_gmt":"2024-06-15T17:46:12","guid":{"rendered":"https:\/\/fozzino.coffee\/?page_id=584"},"modified":"2025-05-30T08:39:26","modified_gmt":"2025-05-30T08:39:26","slug":"fizetes-old","status":"publish","type":"page","link":"https:\/\/fozzino.coffee\/en\/fizetes-old\/","title":{"rendered":"Fizet\u00e9s-old"},"content":{"rendered":"<div data-elementor-type=\"wp-page\" data-elementor-id=\"584\" class=\"elementor elementor-584\" data-elementor-post-type=\"page\">\n\t\t\t\t\t\t<section class=\"elementor-section elementor-top-section elementor-element elementor-element-5da72020 elementor-section-content-middle elementor-section-stretched elementor-section-full_width elementor-section-height-default elementor-section-height-default\" data-id=\"5da72020\" data-element_type=\"section\" data-e-type=\"section\" data-settings=\"{&quot;background_background&quot;:&quot;classic&quot;,&quot;stretch_section&quot;:&quot;section-stretched&quot;}\">\n\t\t\t\t\t\t<div class=\"elementor-container elementor-column-gap-no\">\n\t\t\t\t\t<div class=\"elementor-column elementor-col-100 elementor-top-column elementor-element elementor-element-2743c750\" data-id=\"2743c750\" data-element_type=\"column\" data-e-type=\"column\">\n\t\t\t<div class=\"elementor-widget-wrap elementor-element-populated\">\n\t\t\t\t\t\t<section class=\"elementor-section elementor-inner-section elementor-element elementor-element-41aac6b2 elementor-section-boxed elementor-section-height-default elementor-section-height-default\" data-id=\"41aac6b2\" data-element_type=\"section\" data-e-type=\"section\">\n\t\t\t\t\t\t<div class=\"elementor-container elementor-column-gap-no\">\n\t\t\t\t\t<div class=\"elementor-column elementor-col-100 elementor-inner-column elementor-element elementor-element-41d62d57\" data-id=\"41d62d57\" data-element_type=\"column\" data-e-type=\"column\">\n\t\t\t<div class=\"elementor-widget-wrap\">\n\t\t\t\t\t\t\t<\/div>\n\t\t<\/div>\n\t\t\t\t\t<\/div>\n\t\t<\/section>\n\t\t\t\t\t<\/div>\n\t\t<\/div>\n\t\t\t\t\t<\/div>\n\t\t<\/section>\n\t\t\t\t<\/div>","protected":false},"excerpt":{"rendered":"<p>Kuponk\u00f3d Sz\u00e1ml\u00e1z\u00e1s \u00e9s Sz\u00e1ll\u00edt\u00e1s Fizet\u00e9s Van kuponod? Kuponk\u00f3d K\u00e9rlek \u00edrd be a kuponk\u00f3dot Kupon aktiv\u00e1l\u00e1sa Sz\u00e1mla r\u00e9szletek Vezet\u00e9kn\u00e9v&nbsp;* Keresztn\u00e9v&nbsp;* C\u00e9gn\u00e9v&nbsp;(optional) Orsz\u00e1g&nbsp;*Select a country \/ region&hellip;Afghanistan\u00c5land IslandsAlbaniaAlgeriaAmerican SamoaAndorraAngolaAnguillaAntarcticaAntigua and BarbudaArgentinaArmeniaArubaAustraliaAustriaAzerbaijanBahamasBahrainBangladeshBarbadosBelarusBelauBelgiumBelizeBeninBermudaBhutanBoliviaBonaire, Saint Eustatius and SabaBosnia and HerzegovinaBotswanaBouvet IslandBrazilBritish Indian Ocean TerritoryBruneiBulgariaBurkina FasoBurundiCambodiaCameroonCanadaCape VerdeCayman IslandsCentral African RepublicChadChileChinaChristmas IslandCocos (Keeling) IslandsColombiaComorosCongo (Brazzaville)Congo (Kinshasa)Cook IslandsCosta RicaCroatiaCubaCura&ccedil;aoCyprusCzech RepublicDenmarkDjiboutiDominicaDominican RepublicEcuadorEgyptEl SalvadorEquatorial GuineaEritreaEstoniaEswatiniEthiopiaFalkland [&hellip;]<\/p>","protected":false},"author":1,"featured_media":0,"parent":0,"menu_order":0,"comment_status":"closed","ping_status":"closed","template":"elementor_header_footer","meta":{"_acf_changed":false,"footnotes":""},"class_list":["post-584","page","type-page","status-publish","hentry"],"acf":[],"yoast_head":"<!-- This site is optimized with the Yoast SEO plugin v25.9 - https:\/\/yoast.com\/wordpress\/plugins\/seo\/ -->\n<title>Fizet\u00e9s-old - Fozzino<\/title>\n<meta name=\"robots\" content=\"index, follow, max-snippet:-1, max-image-preview:large, max-video-preview:-1\" \/>\n<link rel=\"canonical\" href=\"https:\/\/fozzino.coffee\/en\/fizetes-old\/\" \/>\n<meta property=\"og:locale\" content=\"en_US\" \/>\n<meta property=\"og:type\" content=\"article\" \/>\n<meta property=\"og:title\" content=\"Fizet\u00e9s-old - Fozzino\" \/>\n<meta property=\"og:description\" content=\"Kuponk\u00f3d Sz\u00e1ml\u00e1z\u00e1s \u00e9s Sz\u00e1ll\u00edt\u00e1s Fizet\u00e9s Van kuponod? Kuponk\u00f3d K\u00e9rlek \u00edrd be a kuponk\u00f3dot Kupon aktiv\u00e1l\u00e1sa Sz\u00e1mla r\u00e9szletek Vezet\u00e9kn\u00e9v&nbsp;* Keresztn\u00e9v&nbsp;* C\u00e9gn\u00e9v&nbsp;(optional) Orsz\u00e1g&nbsp;*Select a country \/ region&hellip;Afghanistan\u00c5land IslandsAlbaniaAlgeriaAmerican SamoaAndorraAngolaAnguillaAntarcticaAntigua and BarbudaArgentinaArmeniaArubaAustraliaAustriaAzerbaijanBahamasBahrainBangladeshBarbadosBelarusBelauBelgiumBelizeBeninBermudaBhutanBoliviaBonaire, Saint Eustatius and SabaBosnia and HerzegovinaBotswanaBouvet IslandBrazilBritish Indian Ocean TerritoryBruneiBulgariaBurkina FasoBurundiCambodiaCameroonCanadaCape VerdeCayman IslandsCentral African RepublicChadChileChinaChristmas IslandCocos (Keeling) IslandsColombiaComorosCongo (Brazzaville)Congo (Kinshasa)Cook IslandsCosta RicaCroatiaCubaCura&ccedil;aoCyprusCzech RepublicDenmarkDjiboutiDominicaDominican RepublicEcuadorEgyptEl SalvadorEquatorial GuineaEritreaEstoniaEswatiniEthiopiaFalkland [&hellip;]\" \/>\n<meta property=\"og:url\" content=\"https:\/\/fozzino.coffee\/en\/fizetes-old\/\" \/>\n<meta property=\"og:site_name\" content=\"Fozzino\" \/>\n<meta property=\"article:publisher\" content=\"https:\/\/www.facebook.com\/fozzino.coffee\" \/>\n<meta property=\"article:modified_time\" content=\"2025-05-30T08:39:26+00:00\" \/>\n<meta property=\"og:image\" content=\"https:\/\/fozzino.coffee\/wp-content\/plugins\/woocommerce-payments\/assets\/images\/payment-methods\/generic-card.svg\" \/>\n<meta name=\"twitter:card\" content=\"summary_large_image\" \/>\n<meta name=\"twitter:label1\" content=\"Est. reading time\" \/>\n\t<meta name=\"twitter:data1\" content=\"3 minutes\" \/>\n<script type=\"application\/ld+json\" class=\"yoast-schema-graph\">{\"@context\":\"https:\/\/schema.org\",\"@graph\":[{\"@type\":\"WebPage\",\"@id\":\"https:\/\/fozzino.coffee\/fizetes-old\/\",\"url\":\"https:\/\/fozzino.coffee\/fizetes-old\/\",\"name\":\"Fizet\u00e9s-old - Fozzino\",\"isPartOf\":{\"@id\":\"https:\/\/fozzino.coffee\/#website\"},\"primaryImageOfPage\":{\"@id\":\"https:\/\/fozzino.coffee\/fizetes-old\/#primaryimage\"},\"image\":{\"@id\":\"https:\/\/fozzino.coffee\/fizetes-old\/#primaryimage\"},\"thumbnailUrl\":\"https:\/\/fozzino.coffee\/wp-content\/plugins\/woocommerce-payments\/assets\/images\/payment-methods\/generic-card.svg\",\"datePublished\":\"2024-06-15T17:46:12+00:00\",\"dateModified\":\"2025-05-30T08:39:26+00:00\",\"breadcrumb\":{\"@id\":\"https:\/\/fozzino.coffee\/fizetes-old\/#breadcrumb\"},\"inLanguage\":\"en-US\",\"potentialAction\":[{\"@type\":\"ReadAction\",\"target\":[\"https:\/\/fozzino.coffee\/fizetes-old\/\"]}]},{\"@type\":\"ImageObject\",\"inLanguage\":\"en-US\",\"@id\":\"https:\/\/fozzino.coffee\/fizetes-old\/#primaryimage\",\"url\":\"https:\/\/fozzino.coffee\/wp-content\/plugins\/woocommerce-payments\/assets\/images\/payment-methods\/generic-card.svg\",\"contentUrl\":\"https:\/\/fozzino.coffee\/wp-content\/plugins\/woocommerce-payments\/assets\/images\/payment-methods\/generic-card.svg\"},{\"@type\":\"BreadcrumbList\",\"@id\":\"https:\/\/fozzino.coffee\/fizetes-old\/#breadcrumb\",\"itemListElement\":[{\"@type\":\"ListItem\",\"position\":1,\"name\":\"Kezd\u0151lap\",\"item\":\"https:\/\/fozzino.coffee\/\"},{\"@type\":\"ListItem\",\"position\":2,\"name\":\"Fizet\u00e9s-old\"}]},{\"@type\":\"WebSite\",\"@id\":\"https:\/\/fozzino.coffee\/#website\",\"url\":\"https:\/\/fozzino.coffee\/\",\"name\":\"Fozzino\",\"description\":\"Pr\u00e9mium Specialty k\u00e1v\u00e9 web\u00e1ruh\u00e1z\",\"publisher\":{\"@id\":\"https:\/\/fozzino.coffee\/#organization\"},\"potentialAction\":[{\"@type\":\"SearchAction\",\"target\":{\"@type\":\"EntryPoint\",\"urlTemplate\":\"https:\/\/fozzino.coffee\/?s={search_term_string}\"},\"query-input\":{\"@type\":\"PropertyValueSpecification\",\"valueRequired\":true,\"valueName\":\"search_term_string\"}}],\"inLanguage\":\"en-US\"},{\"@type\":\"Organization\",\"@id\":\"https:\/\/fozzino.coffee\/#organization\",\"name\":\"Fozzino\",\"url\":\"https:\/\/fozzino.coffee\/\",\"logo\":{\"@type\":\"ImageObject\",\"inLanguage\":\"en-US\",\"@id\":\"https:\/\/fozzino.coffee\/#\/schema\/logo\/image\/\",\"url\":\"https:\/\/fozzino.coffee\/wp-content\/uploads\/2024\/05\/cropped-base_logo_transparent_background-scaled-1.png\",\"contentUrl\":\"https:\/\/fozzino.coffee\/wp-content\/uploads\/2024\/05\/cropped-base_logo_transparent_background-scaled-1.png\",\"width\":1830,\"height\":1470,\"caption\":\"Fozzino\"},\"image\":{\"@id\":\"https:\/\/fozzino.coffee\/#\/schema\/logo\/image\/\"},\"sameAs\":[\"https:\/\/www.facebook.com\/fozzino.coffee\"]}]}<\/script>\n<!-- \/ Yoast SEO plugin. -->","yoast_head_json":{"title":"Fizet\u00e9s-old - Fozzino","robots":{"index":"index","follow":"follow","max-snippet":"max-snippet:-1","max-image-preview":"max-image-preview:large","max-video-preview":"max-video-preview:-1"},"canonical":"https:\/\/fozzino.coffee\/en\/fizetes-old\/","og_locale":"en_US","og_type":"article","og_title":"Fizet\u00e9s-old - Fozzino","og_description":"Kuponk\u00f3d Sz\u00e1ml\u00e1z\u00e1s \u00e9s Sz\u00e1ll\u00edt\u00e1s Fizet\u00e9s Van kuponod? Kuponk\u00f3d K\u00e9rlek \u00edrd be a kuponk\u00f3dot Kupon aktiv\u00e1l\u00e1sa Sz\u00e1mla r\u00e9szletek Vezet\u00e9kn\u00e9v&nbsp;* Keresztn\u00e9v&nbsp;* C\u00e9gn\u00e9v&nbsp;(optional) Orsz\u00e1g&nbsp;*Select a country \/ region&hellip;Afghanistan\u00c5land IslandsAlbaniaAlgeriaAmerican SamoaAndorraAngolaAnguillaAntarcticaAntigua and BarbudaArgentinaArmeniaArubaAustraliaAustriaAzerbaijanBahamasBahrainBangladeshBarbadosBelarusBelauBelgiumBelizeBeninBermudaBhutanBoliviaBonaire, Saint Eustatius and SabaBosnia and HerzegovinaBotswanaBouvet IslandBrazilBritish Indian Ocean TerritoryBruneiBulgariaBurkina FasoBurundiCambodiaCameroonCanadaCape VerdeCayman IslandsCentral African RepublicChadChileChinaChristmas IslandCocos (Keeling) IslandsColombiaComorosCongo (Brazzaville)Congo (Kinshasa)Cook IslandsCosta RicaCroatiaCubaCura&ccedil;aoCyprusCzech RepublicDenmarkDjiboutiDominicaDominican RepublicEcuadorEgyptEl SalvadorEquatorial GuineaEritreaEstoniaEswatiniEthiopiaFalkland [&hellip;]","og_url":"https:\/\/fozzino.coffee\/en\/fizetes-old\/","og_site_name":"Fozzino","article_publisher":"https:\/\/www.facebook.com\/fozzino.coffee","article_modified_time":"2025-05-30T08:39:26+00:00","og_image":[{"url":"https:\/\/fozzino.coffee\/wp-content\/plugins\/woocommerce-payments\/assets\/images\/payment-methods\/generic-card.svg","type":"","width":"","height":""}],"twitter_card":"summary_large_image","twitter_misc":{"Est. reading time":"3 minutes"},"schema":{"@context":"https:\/\/schema.org","@graph":[{"@type":"WebPage","@id":"https:\/\/fozzino.coffee\/fizetes-old\/","url":"https:\/\/fozzino.coffee\/fizetes-old\/","name":"Fizet\u00e9s-old - Fozzino","isPartOf":{"@id":"https:\/\/fozzino.coffee\/#website"},"primaryImageOfPage":{"@id":"https:\/\/fozzino.coffee\/fizetes-old\/#primaryimage"},"image":{"@id":"https:\/\/fozzino.coffee\/fizetes-old\/#primaryimage"},"thumbnailUrl":"https:\/\/fozzino.coffee\/wp-content\/plugins\/woocommerce-payments\/assets\/images\/payment-methods\/generic-card.svg","datePublished":"2024-06-15T17:46:12+00:00","dateModified":"2025-05-30T08:39:26+00:00","breadcrumb":{"@id":"https:\/\/fozzino.coffee\/fizetes-old\/#breadcrumb"},"inLanguage":"en-US","potentialAction":[{"@type":"ReadAction","target":["https:\/\/fozzino.coffee\/fizetes-old\/"]}]},{"@type":"ImageObject","inLanguage":"en-US","@id":"https:\/\/fozzino.coffee\/fizetes-old\/#primaryimage","url":"https:\/\/fozzino.coffee\/wp-content\/plugins\/woocommerce-payments\/assets\/images\/payment-methods\/generic-card.svg","contentUrl":"https:\/\/fozzino.coffee\/wp-content\/plugins\/woocommerce-payments\/assets\/images\/payment-methods\/generic-card.svg"},{"@type":"BreadcrumbList","@id":"https:\/\/fozzino.coffee\/fizetes-old\/#breadcrumb","itemListElement":[{"@type":"ListItem","position":1,"name":"Kezd\u0151lap","item":"https:\/\/fozzino.coffee\/"},{"@type":"ListItem","position":2,"name":"Fizet\u00e9s-old"}]},{"@type":"WebSite","@id":"https:\/\/fozzino.coffee\/#website","url":"https:\/\/fozzino.coffee\/","name":"Fozzino","description":"Premium Specialty Coffee online store","publisher":{"@id":"https:\/\/fozzino.coffee\/#organization"},"potentialAction":[{"@type":"SearchAction","target":{"@type":"EntryPoint","urlTemplate":"https:\/\/fozzino.coffee\/?s={search_term_string}"},"query-input":{"@type":"PropertyValueSpecification","valueRequired":true,"valueName":"search_term_string"}}],"inLanguage":"en-US"},{"@type":"Organization","@id":"https:\/\/fozzino.coffee\/#organization","name":"Fozzino","url":"https:\/\/fozzino.coffee\/","logo":{"@type":"ImageObject","inLanguage":"en-US","@id":"https:\/\/fozzino.coffee\/#\/schema\/logo\/image\/","url":"https:\/\/fozzino.coffee\/wp-content\/uploads\/2024\/05\/cropped-base_logo_transparent_background-scaled-1.png","contentUrl":"https:\/\/fozzino.coffee\/wp-content\/uploads\/2024\/05\/cropped-base_logo_transparent_background-scaled-1.png","width":1830,"height":1470,"caption":"Fozzino"},"image":{"@id":"https:\/\/fozzino.coffee\/#\/schema\/logo\/image\/"},"sameAs":["https:\/\/www.facebook.com\/fozzino.coffee"]}]}},"jetpack_sharing_enabled":true,"_links":{"self":[{"href":"https:\/\/fozzino.coffee\/en\/wp-json\/wp\/v2\/pages\/584","targetHints":{"allow":["GET"]}}],"collection":[{"href":"https:\/\/fozzino.coffee\/en\/wp-json\/wp\/v2\/pages"}],"about":[{"href":"https:\/\/fozzino.coffee\/en\/wp-json\/wp\/v2\/types\/page"}],"author":[{"embeddable":true,"href":"https:\/\/fozzino.coffee\/en\/wp-json\/wp\/v2\/users\/1"}],"replies":[{"embeddable":true,"href":"https:\/\/fozzino.coffee\/en\/wp-json\/wp\/v2\/comments?post=584"}],"version-history":[{"count":27,"href":"https:\/\/fozzino.coffee\/en\/wp-json\/wp\/v2\/pages\/584\/revisions"}],"predecessor-version":[{"id":2571,"href":"https:\/\/fozzino.coffee\/en\/wp-json\/wp\/v2\/pages\/584\/revisions\/2571"}],"wp:attachment":[{"href":"https:\/\/fozzino.coffee\/en\/wp-json\/wp\/v2\/media?parent=584"}],"curies":[{"name":"wp","href":"https:\/\/api.w.org\/{rel}","templated":true}]}}