{"id":416,"date":"2024-05-29T16:02:13","date_gmt":"2024-05-29T16:02:13","guid":{"rendered":"https:\/\/fozzino.coffee\/?page_id=416"},"modified":"2024-05-30T13:49:17","modified_gmt":"2024-05-30T13:49:17","slug":"404-error","status":"publish","type":"page","link":"https:\/\/fozzino.coffee\/en\/404-error\/","title":{"rendered":"404 error"},"content":{"rendered":"<div data-elementor-type=\"wp-page\" data-elementor-id=\"416\" class=\"elementor elementor-416\" data-elementor-post-type=\"page\">\n\t\t\t\t\t\t<section class=\"elementor-section elementor-top-section elementor-element elementor-element-2ff6c715 elementor-section-boxed elementor-section-height-default elementor-section-height-default\" data-id=\"2ff6c715\" data-element_type=\"section\" data-e-type=\"section\">\n\t\t\t\t\t\t<div class=\"elementor-container elementor-column-gap-default\">\n\t\t\t\t\t<div class=\"elementor-column elementor-col-50 elementor-top-column elementor-element elementor-element-380a3cad\" data-id=\"380a3cad\" data-element_type=\"column\" data-e-type=\"column\">\n\t\t\t<div class=\"elementor-widget-wrap elementor-element-populated\">\n\t\t\t\t\t\t<div class=\"elementor-element elementor-element-66653663 elementor-widget elementor-widget-heading\" data-id=\"66653663\" data-element_type=\"widget\" data-e-type=\"widget\" data-widget_type=\"heading.default\">\n\t\t\t\t<div class=\"elementor-widget-container\">\n\t\t\t\t\t<h2 class=\"elementor-heading-title elementor-size-default\">Hupszi, nem tal\u00e1ljuk, amit keresel \ud83d\ude41<\/h2>\t\t\t\t<\/div>\n\t\t\t\t<\/div>\n\t\t\t\t<div class=\"elementor-element elementor-element-133bc1d2 elementor-widget elementor-widget-text-editor\" data-id=\"133bc1d2\" data-element_type=\"widget\" data-e-type=\"widget\" data-widget_type=\"text-editor.default\">\n\t\t\t\t<div class=\"elementor-widget-container\">\n\t\t\t\t\t\t\t\t\t<p>Az oldal, amit keresel, m\u00e1r nem el\u00e9rhet\u0151, vagy \u00e1tmenetileg nem \u00fczemel \ud83d\ude41<\/p>\t\t\t\t\t\t\t\t<\/div>\n\t\t\t\t<\/div>\n\t\t\t\t<div class=\"elementor-element elementor-element-9749c7a elementor-widget__width-initial elementor-search-form--skin-classic elementor-search-form--button-type-icon elementor-search-form--icon-search elementor-widget elementor-widget-search-form\" data-id=\"9749c7a\" data-element_type=\"widget\" data-e-type=\"widget\" data-settings=\"{&quot;skin&quot;:&quot;classic&quot;}\" data-widget_type=\"search-form.default\">\n\t\t\t\t<div class=\"elementor-widget-container\">\n\t\t\t\t\t\t\t<search role=\"search\">\n\t\t\t<form class=\"elementor-search-form\" action=\"https:\/\/fozzino.coffee\/en\/\" method=\"get\" data-trp-original-action=\"https:\/\/fozzino.coffee\/en\">\n\t\t\t\t\t\t\t\t\t\t\t\t<div class=\"elementor-search-form__container\">\n\t\t\t\t\t<label class=\"elementor-screen-only\" for=\"elementor-search-form-9749c7a\">Search<\/label>\n\n\t\t\t\t\t\n\t\t\t\t\t<input id=\"elementor-search-form-9749c7a\" placeholder=\"Keres\u00e9s...\" class=\"elementor-search-form__input\" type=\"search\" name=\"s\" value=\"\">\n\t\t\t\t\t\n\t\t\t\t\t\t\t\t\t\t\t<button class=\"elementor-search-form__submit\" type=\"submit\" aria-label=\"Search\">\n\t\t\t\t\t\t\t\t\t\t\t\t\t\t\t<div class=\"e-font-icon-svg-container\"><svg class=\"fa fa-search e-font-icon-svg e-fas-search\" viewbox=\"0 0 512 512\" xmlns=\"http:\/\/www.w3.org\/2000\/svg\"><path d=\"M505 442.7L405.3 343c-4.5-4.5-10.6-7-17-7H372c27.6-35.3 44-79.7 44-128C416 93.1 322.9 0 208 0S0 93.1 0 208s93.1 208 208 208c48.3 0 92.7-16.4 128-44v16.3c0 6.4 2.5 12.5 7 17l99.7 99.7c9.4 9.4 24.6 9.4 33.9 0l28.3-28.3c9.4-9.4 9.4-24.6.1-34zM208 336c-70.7 0-128-57.2-128-128 0-70.7 57.2-128 128-128 70.7 0 128 57.2 128 128 0 70.7-57.2 128-128 128z\"><\/path><\/svg><\/div>\t\t\t\t\t\t\t\t\t\t\t\t\t<\/button>\n\t\t\t\t\t\n\t\t\t\t\t\t\t\t\t<\/div>\n\t\t\t<input type=\"hidden\" name=\"trp-form-language\" value=\"en\"\/><\/form>\n\t\t<\/search>\n\t\t\t\t\t\t<\/div>\n\t\t\t\t<\/div>\n\t\t\t\t<div class=\"elementor-element elementor-element-6929e40e elementor-widget elementor-widget-spacer\" data-id=\"6929e40e\" data-element_type=\"widget\" data-e-type=\"widget\" data-widget_type=\"spacer.default\">\n\t\t\t\t<div class=\"elementor-widget-container\">\n\t\t\t\t\t\t\t<div class=\"elementor-spacer\">\n\t\t\t<div class=\"elementor-spacer-inner\"><\/div>\n\t\t<\/div>\n\t\t\t\t\t\t<\/div>\n\t\t\t\t<\/div>\n\t\t\t\t\t<\/div>\n\t\t<\/div>\n\t\t\t\t<div class=\"elementor-column elementor-col-50 elementor-top-column elementor-element elementor-element-76cfc145\" data-id=\"76cfc145\" data-element_type=\"column\" data-e-type=\"column\">\n\t\t\t<div class=\"elementor-widget-wrap elementor-element-populated\">\n\t\t\t\t\t\t<div class=\"elementor-element elementor-element-cc5f67 elementor-widget elementor-widget-image\" data-id=\"cc5f67\" data-element_type=\"widget\" data-e-type=\"widget\" data-widget_type=\"image.default\">\n\t\t\t\t<div class=\"elementor-widget-container\">\n\t\t\t\t\t\t\t\t\t\t\t\t\t\t\t<img fetchpriority=\"high\" decoding=\"async\" width=\"800\" height=\"663\" src=\"https:\/\/fozzino.coffee\/wp-content\/uploads\/2024\/05\/coffee-beans-and-coffee-cup-PLBCJPW-scaled-1-1024x848.jpg\" class=\"attachment-large size-large wp-image-368\" alt=\"\" srcset=\"https:\/\/fozzino.coffee\/wp-content\/uploads\/2024\/05\/coffee-beans-and-coffee-cup-PLBCJPW-scaled-1-1024x848.jpg 1024w, https:\/\/fozzino.coffee\/wp-content\/uploads\/2024\/05\/coffee-beans-and-coffee-cup-PLBCJPW-scaled-1-300x248.jpg 300w, https:\/\/fozzino.coffee\/wp-content\/uploads\/2024\/05\/coffee-beans-and-coffee-cup-PLBCJPW-scaled-1-600x497.jpg 600w, https:\/\/fozzino.coffee\/wp-content\/uploads\/2024\/05\/coffee-beans-and-coffee-cup-PLBCJPW-scaled-1-64x53.jpg 64w, https:\/\/fozzino.coffee\/wp-content\/uploads\/2024\/05\/coffee-beans-and-coffee-cup-PLBCJPW-scaled-1-768x636.jpg 768w, https:\/\/fozzino.coffee\/wp-content\/uploads\/2024\/05\/coffee-beans-and-coffee-cup-PLBCJPW-scaled-1-1536x1271.jpg 1536w, https:\/\/fozzino.coffee\/wp-content\/uploads\/2024\/05\/coffee-beans-and-coffee-cup-PLBCJPW-scaled-1-2048x1695.jpg 2048w\" sizes=\"(max-width: 800px) 100vw, 800px\" \/>\t\t\t\t\t\t\t\t\t\t\t\t\t\t\t<\/div>\n\t\t\t\t<\/div>\n\t\t\t\t\t<\/div>\n\t\t<\/div>\n\t\t\t\t\t<\/div>\n\t\t<\/section>\n\t\t\t\t<\/div>","protected":false},"excerpt":{"rendered":"<p>Hupszi, nem tal\u00e1ljuk, amit keresel \ud83d\ude41 Az oldal, amit keresel, m\u00e1r nem el\u00e9rhet\u0151, vagy \u00e1tmenetileg nem \u00fczemel \ud83d\ude41 Vissza a boltba Keress fel minket<\/p>","protected":false},"author":1,"featured_media":0,"parent":0,"menu_order":0,"comment_status":"closed","ping_status":"closed","template":"","meta":{"_acf_changed":false,"footnotes":""},"class_list":["post-416","page","type-page","status-publish","hentry"],"acf":[],"yoast_head":"<!-- This site is optimized with the Yoast SEO plugin v25.9 - https:\/\/yoast.com\/wordpress\/plugins\/seo\/ -->\n<title>404 error - Fozzino<\/title>\n<meta name=\"robots\" content=\"index, follow, max-snippet:-1, max-image-preview:large, max-video-preview:-1\" \/>\n<link rel=\"canonical\" href=\"https:\/\/fozzino.coffee\/en\/404-error\/\" \/>\n<meta property=\"og:locale\" content=\"en_US\" \/>\n<meta property=\"og:type\" content=\"article\" \/>\n<meta property=\"og:title\" content=\"404 error - Fozzino\" \/>\n<meta property=\"og:description\" content=\"Hupszi, nem tal\u00e1ljuk, amit keresel \ud83d\ude41 Az oldal, amit keresel, m\u00e1r nem el\u00e9rhet\u0151, vagy \u00e1tmenetileg nem \u00fczemel \ud83d\ude41 Vissza a boltba Keress fel minket\" \/>\n<meta property=\"og:url\" content=\"https:\/\/fozzino.coffee\/en\/404-error\/\" \/>\n<meta property=\"og:site_name\" content=\"Fozzino\" \/>\n<meta property=\"article:publisher\" content=\"https:\/\/www.facebook.com\/fozzino.coffee\" \/>\n<meta property=\"article:modified_time\" content=\"2024-05-30T13:49:17+00:00\" \/>\n<meta property=\"og:image\" content=\"https:\/\/fozzino.coffee\/wp-content\/uploads\/2024\/05\/coffee-beans-and-coffee-cup-PLBCJPW-scaled-1.jpg\" \/>\n\t<meta property=\"og:image:width\" content=\"2560\" \/>\n\t<meta property=\"og:image:height\" content=\"2119\" \/>\n\t<meta property=\"og:image:type\" content=\"image\/jpeg\" \/>\n<meta name=\"twitter:card\" content=\"summary_large_image\" \/>\n<script type=\"application\/ld+json\" class=\"yoast-schema-graph\">{\"@context\":\"https:\/\/schema.org\",\"@graph\":[{\"@type\":\"WebPage\",\"@id\":\"https:\/\/fozzino.coffee\/404-error\/\",\"url\":\"https:\/\/fozzino.coffee\/404-error\/\",\"name\":\"404 error - Fozzino\",\"isPartOf\":{\"@id\":\"https:\/\/fozzino.coffee\/#website\"},\"primaryImageOfPage\":{\"@id\":\"https:\/\/fozzino.coffee\/404-error\/#primaryimage\"},\"image\":{\"@id\":\"https:\/\/fozzino.coffee\/404-error\/#primaryimage\"},\"thumbnailUrl\":\"https:\/\/fozzino.coffee\/wp-content\/uploads\/2024\/05\/coffee-beans-and-coffee-cup-PLBCJPW-scaled-1-1024x848.jpg\",\"datePublished\":\"2024-05-29T16:02:13+00:00\",\"dateModified\":\"2024-05-30T13:49:17+00:00\",\"breadcrumb\":{\"@id\":\"https:\/\/fozzino.coffee\/404-error\/#breadcrumb\"},\"inLanguage\":\"en-US\",\"potentialAction\":[{\"@type\":\"ReadAction\",\"target\":[\"https:\/\/fozzino.coffee\/404-error\/\"]}]},{\"@type\":\"ImageObject\",\"inLanguage\":\"en-US\",\"@id\":\"https:\/\/fozzino.coffee\/404-error\/#primaryimage\",\"url\":\"https:\/\/fozzino.coffee\/wp-content\/uploads\/2024\/05\/coffee-beans-and-coffee-cup-PLBCJPW-scaled-1-1024x848.jpg\",\"contentUrl\":\"https:\/\/fozzino.coffee\/wp-content\/uploads\/2024\/05\/coffee-beans-and-coffee-cup-PLBCJPW-scaled-1-1024x848.jpg\"},{\"@type\":\"BreadcrumbList\",\"@id\":\"https:\/\/fozzino.coffee\/404-error\/#breadcrumb\",\"itemListElement\":[{\"@type\":\"ListItem\",\"position\":1,\"name\":\"Kezd\u0151lap\",\"item\":\"https:\/\/fozzino.coffee\/\"},{\"@type\":\"ListItem\",\"position\":2,\"name\":\"404 error\"}]},{\"@type\":\"WebSite\",\"@id\":\"https:\/\/fozzino.coffee\/#website\",\"url\":\"https:\/\/fozzino.coffee\/\",\"name\":\"Fozzino\",\"description\":\"Pr\u00e9mium Specialty k\u00e1v\u00e9 web\u00e1ruh\u00e1z\",\"publisher\":{\"@id\":\"https:\/\/fozzino.coffee\/#organization\"},\"potentialAction\":[{\"@type\":\"SearchAction\",\"target\":{\"@type\":\"EntryPoint\",\"urlTemplate\":\"https:\/\/fozzino.coffee\/?s={search_term_string}\"},\"query-input\":{\"@type\":\"PropertyValueSpecification\",\"valueRequired\":true,\"valueName\":\"search_term_string\"}}],\"inLanguage\":\"en-US\"},{\"@type\":\"Organization\",\"@id\":\"https:\/\/fozzino.coffee\/#organization\",\"name\":\"Fozzino\",\"url\":\"https:\/\/fozzino.coffee\/\",\"logo\":{\"@type\":\"ImageObject\",\"inLanguage\":\"en-US\",\"@id\":\"https:\/\/fozzino.coffee\/#\/schema\/logo\/image\/\",\"url\":\"https:\/\/fozzino.coffee\/wp-content\/uploads\/2024\/05\/cropped-base_logo_transparent_background-scaled-1.png\",\"contentUrl\":\"https:\/\/fozzino.coffee\/wp-content\/uploads\/2024\/05\/cropped-base_logo_transparent_background-scaled-1.png\",\"width\":1830,\"height\":1470,\"caption\":\"Fozzino\"},\"image\":{\"@id\":\"https:\/\/fozzino.coffee\/#\/schema\/logo\/image\/\"},\"sameAs\":[\"https:\/\/www.facebook.com\/fozzino.coffee\"]}]}<\/script>\n<!-- \/ Yoast SEO plugin. -->","yoast_head_json":{"title":"404 error - Fozzino","robots":{"index":"index","follow":"follow","max-snippet":"max-snippet:-1","max-image-preview":"max-image-preview:large","max-video-preview":"max-video-preview:-1"},"canonical":"https:\/\/fozzino.coffee\/en\/404-error\/","og_locale":"en_US","og_type":"article","og_title":"404 error - Fozzino","og_description":"Hupszi, nem tal\u00e1ljuk, amit keresel \ud83d\ude41 Az oldal, amit keresel, m\u00e1r nem el\u00e9rhet\u0151, vagy \u00e1tmenetileg nem \u00fczemel \ud83d\ude41 Vissza a boltba Keress fel minket","og_url":"https:\/\/fozzino.coffee\/en\/404-error\/","og_site_name":"Fozzino","article_publisher":"https:\/\/www.facebook.com\/fozzino.coffee","article_modified_time":"2024-05-30T13:49:17+00:00","og_image":[{"width":2560,"height":2119,"url":"https:\/\/fozzino.coffee\/wp-content\/uploads\/2024\/05\/coffee-beans-and-coffee-cup-PLBCJPW-scaled-1.jpg","type":"image\/jpeg"}],"twitter_card":"summary_large_image","schema":{"@context":"https:\/\/schema.org","@graph":[{"@type":"WebPage","@id":"https:\/\/fozzino.coffee\/404-error\/","url":"https:\/\/fozzino.coffee\/404-error\/","name":"404 error - Fozzino","isPartOf":{"@id":"https:\/\/fozzino.coffee\/#website"},"primaryImageOfPage":{"@id":"https:\/\/fozzino.coffee\/404-error\/#primaryimage"},"image":{"@id":"https:\/\/fozzino.coffee\/404-error\/#primaryimage"},"thumbnailUrl":"https:\/\/fozzino.coffee\/wp-content\/uploads\/2024\/05\/coffee-beans-and-coffee-cup-PLBCJPW-scaled-1-1024x848.jpg","datePublished":"2024-05-29T16:02:13+00:00","dateModified":"2024-05-30T13:49:17+00:00","breadcrumb":{"@id":"https:\/\/fozzino.coffee\/404-error\/#breadcrumb"},"inLanguage":"en-US","potentialAction":[{"@type":"ReadAction","target":["https:\/\/fozzino.coffee\/404-error\/"]}]},{"@type":"ImageObject","inLanguage":"en-US","@id":"https:\/\/fozzino.coffee\/404-error\/#primaryimage","url":"https:\/\/fozzino.coffee\/wp-content\/uploads\/2024\/05\/coffee-beans-and-coffee-cup-PLBCJPW-scaled-1-1024x848.jpg","contentUrl":"https:\/\/fozzino.coffee\/wp-content\/uploads\/2024\/05\/coffee-beans-and-coffee-cup-PLBCJPW-scaled-1-1024x848.jpg"},{"@type":"BreadcrumbList","@id":"https:\/\/fozzino.coffee\/404-error\/#breadcrumb","itemListElement":[{"@type":"ListItem","position":1,"name":"Kezd\u0151lap","item":"https:\/\/fozzino.coffee\/"},{"@type":"ListItem","position":2,"name":"404 error"}]},{"@type":"WebSite","@id":"https:\/\/fozzino.coffee\/#website","url":"https:\/\/fozzino.coffee\/","name":"Fozzino","description":"Premium Specialty Coffee online store","publisher":{"@id":"https:\/\/fozzino.coffee\/#organization"},"potentialAction":[{"@type":"SearchAction","target":{"@type":"EntryPoint","urlTemplate":"https:\/\/fozzino.coffee\/?s={search_term_string}"},"query-input":{"@type":"PropertyValueSpecification","valueRequired":true,"valueName":"search_term_string"}}],"inLanguage":"en-US"},{"@type":"Organization","@id":"https:\/\/fozzino.coffee\/#organization","name":"Fozzino","url":"https:\/\/fozzino.coffee\/","logo":{"@type":"ImageObject","inLanguage":"en-US","@id":"https:\/\/fozzino.coffee\/#\/schema\/logo\/image\/","url":"https:\/\/fozzino.coffee\/wp-content\/uploads\/2024\/05\/cropped-base_logo_transparent_background-scaled-1.png","contentUrl":"https:\/\/fozzino.coffee\/wp-content\/uploads\/2024\/05\/cropped-base_logo_transparent_background-scaled-1.png","width":1830,"height":1470,"caption":"Fozzino"},"image":{"@id":"https:\/\/fozzino.coffee\/#\/schema\/logo\/image\/"},"sameAs":["https:\/\/www.facebook.com\/fozzino.coffee"]}]}},"jetpack_sharing_enabled":true,"_links":{"self":[{"href":"https:\/\/fozzino.coffee\/en\/wp-json\/wp\/v2\/pages\/416","targetHints":{"allow":["GET"]}}],"collection":[{"href":"https:\/\/fozzino.coffee\/en\/wp-json\/wp\/v2\/pages"}],"about":[{"href":"https:\/\/fozzino.coffee\/en\/wp-json\/wp\/v2\/types\/page"}],"author":[{"embeddable":true,"href":"https:\/\/fozzino.coffee\/en\/wp-json\/wp\/v2\/users\/1"}],"replies":[{"embeddable":true,"href":"https:\/\/fozzino.coffee\/en\/wp-json\/wp\/v2\/comments?post=416"}],"version-history":[{"count":6,"href":"https:\/\/fozzino.coffee\/en\/wp-json\/wp\/v2\/pages\/416\/revisions"}],"predecessor-version":[{"id":472,"href":"https:\/\/fozzino.coffee\/en\/wp-json\/wp\/v2\/pages\/416\/revisions\/472"}],"wp:attachment":[{"href":"https:\/\/fozzino.coffee\/en\/wp-json\/wp\/v2\/media?parent=416"}],"curies":[{"name":"wp","href":"https:\/\/api.w.org\/{rel}","templated":true}]}}