{"id":3402,"date":"2025-07-07T10:55:27","date_gmt":"2025-07-07T10:55:27","guid":{"rendered":"https:\/\/fozzino.coffee\/?page_id=3402"},"modified":"2025-07-07T10:55:28","modified_gmt":"2025-07-07T10:55:28","slug":"altalanos-szerzodesi-feltetelek","status":"publish","type":"page","link":"https:\/\/fozzino.coffee\/en\/altalanos-szerzodesi-feltetelek\/","title":{"rendered":"General Terms and Conditions"},"content":{"rendered":"<script id=\"barat_script\">var st = document.createElement(\"script\");st.src = \"\/\/admin.fogyasztobarat.hu\/e-api.js\";st.type = \"text\/javascript\";st.setAttribute(\"data-id\", \"GNOYTG1A\");st.setAttribute(\"id\", \"fbarat-embed\");st.setAttribute(\"data-type\", \"aszf\");var s = document.getElementById(\"barat_script\");s.parentNode.insertBefore(st, s);<\/script>","protected":false},"excerpt":{"rendered":"","protected":false},"author":22,"featured_media":0,"parent":0,"menu_order":0,"comment_status":"closed","ping_status":"closed","template":"","meta":{"_acf_changed":false,"footnotes":""},"class_list":["post-3402","page","type-page","status-publish","hentry"],"acf":[],"yoast_head":"<!-- This site is optimized with the Yoast SEO plugin v25.9 - https:\/\/yoast.com\/wordpress\/plugins\/seo\/ -->\n<title>\u00c1ltal\u00e1nos Szerz\u0151d\u00e9si Felt\u00e9telek - Fozzino<\/title>\n<meta name=\"robots\" content=\"index, follow, max-snippet:-1, max-image-preview:large, max-video-preview:-1\" \/>\n<link rel=\"canonical\" href=\"https:\/\/fozzino.coffee\/en\/altalanos-szerzodesi-feltetelek\/\" \/>\n<meta property=\"og:locale\" content=\"en_US\" \/>\n<meta property=\"og:type\" content=\"article\" \/>\n<meta property=\"og:title\" content=\"\u00c1ltal\u00e1nos Szerz\u0151d\u00e9si Felt\u00e9telek - Fozzino\" \/>\n<meta property=\"og:url\" content=\"https:\/\/fozzino.coffee\/en\/altalanos-szerzodesi-feltetelek\/\" \/>\n<meta property=\"og:site_name\" content=\"Fozzino\" \/>\n<meta property=\"article:publisher\" content=\"https:\/\/www.facebook.com\/fozzino.coffee\" \/>\n<meta property=\"article:modified_time\" content=\"2025-07-07T10:55:28+00:00\" \/>\n<meta name=\"twitter:card\" content=\"summary_large_image\" \/>\n<script type=\"application\/ld+json\" class=\"yoast-schema-graph\">{\"@context\":\"https:\/\/schema.org\",\"@graph\":[{\"@type\":\"WebPage\",\"@id\":\"https:\/\/fozzino.coffee\/altalanos-szerzodesi-feltetelek\/\",\"url\":\"https:\/\/fozzino.coffee\/altalanos-szerzodesi-feltetelek\/\",\"name\":\"\u00c1ltal\u00e1nos Szerz\u0151d\u00e9si Felt\u00e9telek - Fozzino\",\"isPartOf\":{\"@id\":\"https:\/\/fozzino.coffee\/#website\"},\"datePublished\":\"2025-07-07T10:55:27+00:00\",\"dateModified\":\"2025-07-07T10:55:28+00:00\",\"breadcrumb\":{\"@id\":\"https:\/\/fozzino.coffee\/altalanos-szerzodesi-feltetelek\/#breadcrumb\"},\"inLanguage\":\"en-US\",\"potentialAction\":[{\"@type\":\"ReadAction\",\"target\":[\"https:\/\/fozzino.coffee\/altalanos-szerzodesi-feltetelek\/\"]}]},{\"@type\":\"BreadcrumbList\",\"@id\":\"https:\/\/fozzino.coffee\/altalanos-szerzodesi-feltetelek\/#breadcrumb\",\"itemListElement\":[{\"@type\":\"ListItem\",\"position\":1,\"name\":\"Kezd\u0151lap\",\"item\":\"https:\/\/fozzino.coffee\/\"},{\"@type\":\"ListItem\",\"position\":2,\"name\":\"\u00c1ltal\u00e1nos Szerz\u0151d\u00e9si Felt\u00e9telek\"}]},{\"@type\":\"WebSite\",\"@id\":\"https:\/\/fozzino.coffee\/#website\",\"url\":\"https:\/\/fozzino.coffee\/\",\"name\":\"Fozzino\",\"description\":\"Pr\u00e9mium Specialty k\u00e1v\u00e9 web\u00e1ruh\u00e1z\",\"publisher\":{\"@id\":\"https:\/\/fozzino.coffee\/#organization\"},\"potentialAction\":[{\"@type\":\"SearchAction\",\"target\":{\"@type\":\"EntryPoint\",\"urlTemplate\":\"https:\/\/fozzino.coffee\/?s={search_term_string}\"},\"query-input\":{\"@type\":\"PropertyValueSpecification\",\"valueRequired\":true,\"valueName\":\"search_term_string\"}}],\"inLanguage\":\"en-US\"},{\"@type\":\"Organization\",\"@id\":\"https:\/\/fozzino.coffee\/#organization\",\"name\":\"Fozzino\",\"url\":\"https:\/\/fozzino.coffee\/\",\"logo\":{\"@type\":\"ImageObject\",\"inLanguage\":\"en-US\",\"@id\":\"https:\/\/fozzino.coffee\/#\/schema\/logo\/image\/\",\"url\":\"https:\/\/fozzino.coffee\/wp-content\/uploads\/2024\/05\/cropped-base_logo_transparent_background-scaled-1.png\",\"contentUrl\":\"https:\/\/fozzino.coffee\/wp-content\/uploads\/2024\/05\/cropped-base_logo_transparent_background-scaled-1.png\",\"width\":1830,\"height\":1470,\"caption\":\"Fozzino\"},\"image\":{\"@id\":\"https:\/\/fozzino.coffee\/#\/schema\/logo\/image\/\"},\"sameAs\":[\"https:\/\/www.facebook.com\/fozzino.coffee\"]}]}<\/script>\n<!-- \/ Yoast SEO plugin. -->","yoast_head_json":{"title":"\u00c1ltal\u00e1nos Szerz\u0151d\u00e9si Felt\u00e9telek - Fozzino","robots":{"index":"index","follow":"follow","max-snippet":"max-snippet:-1","max-image-preview":"max-image-preview:large","max-video-preview":"max-video-preview:-1"},"canonical":"https:\/\/fozzino.coffee\/en\/altalanos-szerzodesi-feltetelek\/","og_locale":"en_US","og_type":"article","og_title":"\u00c1ltal\u00e1nos Szerz\u0151d\u00e9si Felt\u00e9telek - Fozzino","og_url":"https:\/\/fozzino.coffee\/en\/altalanos-szerzodesi-feltetelek\/","og_site_name":"Fozzino","article_publisher":"https:\/\/www.facebook.com\/fozzino.coffee","article_modified_time":"2025-07-07T10:55:28+00:00","twitter_card":"summary_large_image","schema":{"@context":"https:\/\/schema.org","@graph":[{"@type":"WebPage","@id":"https:\/\/fozzino.coffee\/altalanos-szerzodesi-feltetelek\/","url":"https:\/\/fozzino.coffee\/altalanos-szerzodesi-feltetelek\/","name":"\u00c1ltal\u00e1nos Szerz\u0151d\u00e9si Felt\u00e9telek - Fozzino","isPartOf":{"@id":"https:\/\/fozzino.coffee\/#website"},"datePublished":"2025-07-07T10:55:27+00:00","dateModified":"2025-07-07T10:55:28+00:00","breadcrumb":{"@id":"https:\/\/fozzino.coffee\/altalanos-szerzodesi-feltetelek\/#breadcrumb"},"inLanguage":"en-US","potentialAction":[{"@type":"ReadAction","target":["https:\/\/fozzino.coffee\/altalanos-szerzodesi-feltetelek\/"]}]},{"@type":"BreadcrumbList","@id":"https:\/\/fozzino.coffee\/altalanos-szerzodesi-feltetelek\/#breadcrumb","itemListElement":[{"@type":"ListItem","position":1,"name":"Kezd\u0151lap","item":"https:\/\/fozzino.coffee\/"},{"@type":"ListItem","position":2,"name":"\u00c1ltal\u00e1nos Szerz\u0151d\u00e9si Felt\u00e9telek"}]},{"@type":"WebSite","@id":"https:\/\/fozzino.coffee\/#website","url":"https:\/\/fozzino.coffee\/","name":"Fozzino","description":"Premium Specialty Coffee online store","publisher":{"@id":"https:\/\/fozzino.coffee\/#organization"},"potentialAction":[{"@type":"SearchAction","target":{"@type":"EntryPoint","urlTemplate":"https:\/\/fozzino.coffee\/?s={search_term_string}"},"query-input":{"@type":"PropertyValueSpecification","valueRequired":true,"valueName":"search_term_string"}}],"inLanguage":"en-US"},{"@type":"Organization","@id":"https:\/\/fozzino.coffee\/#organization","name":"Fozzino","url":"https:\/\/fozzino.coffee\/","logo":{"@type":"ImageObject","inLanguage":"en-US","@id":"https:\/\/fozzino.coffee\/#\/schema\/logo\/image\/","url":"https:\/\/fozzino.coffee\/wp-content\/uploads\/2024\/05\/cropped-base_logo_transparent_background-scaled-1.png","contentUrl":"https:\/\/fozzino.coffee\/wp-content\/uploads\/2024\/05\/cropped-base_logo_transparent_background-scaled-1.png","width":1830,"height":1470,"caption":"Fozzino"},"image":{"@id":"https:\/\/fozzino.coffee\/#\/schema\/logo\/image\/"},"sameAs":["https:\/\/www.facebook.com\/fozzino.coffee"]}]}},"jetpack_sharing_enabled":true,"_links":{"self":[{"href":"https:\/\/fozzino.coffee\/en\/wp-json\/wp\/v2\/pages\/3402","targetHints":{"allow":["GET"]}}],"collection":[{"href":"https:\/\/fozzino.coffee\/en\/wp-json\/wp\/v2\/pages"}],"about":[{"href":"https:\/\/fozzino.coffee\/en\/wp-json\/wp\/v2\/types\/page"}],"author":[{"embeddable":true,"href":"https:\/\/fozzino.coffee\/en\/wp-json\/wp\/v2\/users\/22"}],"replies":[{"embeddable":true,"href":"https:\/\/fozzino.coffee\/en\/wp-json\/wp\/v2\/comments?post=3402"}],"version-history":[{"count":1,"href":"https:\/\/fozzino.coffee\/en\/wp-json\/wp\/v2\/pages\/3402\/revisions"}],"predecessor-version":[{"id":3405,"href":"https:\/\/fozzino.coffee\/en\/wp-json\/wp\/v2\/pages\/3402\/revisions\/3405"}],"wp:attachment":[{"href":"https:\/\/fozzino.coffee\/en\/wp-json\/wp\/v2\/media?parent=3402"}],"curies":[{"name":"wp","href":"https:\/\/api.w.org\/{rel}","templated":true}]}}